{"id":319,"date":"2015-04-11T14:24:52","date_gmt":"2015-04-11T11:24:52","guid":{"rendered":"http:\/\/kennelkeyword.net\/jutut\/?page_id=319"},"modified":"2021-11-13T17:28:35","modified_gmt":"2021-11-13T15:28:35","slug":"pennut-ramses-ja-sena","status":"publish","type":"page","link":"https:\/\/www.haukotus.net\/pentujutut\/?page_id=319","title":{"rendered":"Keyword S-pennut &#8211; Ramses ja Sena"},"content":{"rendered":"<header class=\"entry-header\">\n<h1 class=\"entry-title\">S-pennut (18.5.2015)<\/h1>\n<\/header>\n<div class=\"entry-content\">\n<p>1 tricolour poika ja 1 tricolour tytt\u00f6.<\/p>\n<p>Keyword Side Kick<br \/>\nKeyword Sugar Rush<\/p>\n<p>Em\u00e4 <a href=\"http:\/\/kennelkeyword.net\/?page_id=44\"><strong>Sena<\/strong>, Pandarellan \u00c5sa Rasdotter<\/a><\/p>\n<h4>Pentujen is\u00e4\u00a0RAMSES:<\/h4>\n<\/div>\n<h5>FI MVA<\/h5>\n<h2>Fatikon Nappanahka<\/h2>\n<p>Syntynyt:\u00a04.12.2006<br \/>\nHarrastukset: Agility, paimennus<br \/>\nLonkat: A\/A<br \/>\nKyyn\u00e4rp\u00e4\u00e4t:\u00a00\/0<br \/>\nSilm\u00e4t: terveet (pentuna ja 5 vuotiaana)<br \/>\nKorkeus: 61 cm<br \/>\nPurenta: hyv\u00e4<\/p>\n<p><a title=\"Pedigree\" href=\"http:\/\/www.smooth-collie.net\/view.php?id=1260\" target=\"_blank\" rel=\"noopener\">Sukutaulu ( Smooth Collie Database )<\/a><\/p>\n<p>Omistaja: Hanna Neuvonen, kennel Lifedream<br \/>\n<a href=\"https:\/\/siltapelto.wordpress.com\/ramses-s-06\/\" target=\"_blank\" rel=\"noopener\">Kotisivut<\/a><\/p>\n<p>8-vuotias Ramu on sosiaalinen ja tasapainoinen koira, jolla on ennest\u00e4\u00e4n 5 pentuetta. N\u00e4ist\u00e4 4 on syntynyt Suomessa ja yksi Ruotsissa. Useita sen j\u00e4lkel\u00e4isist\u00e4 on k\u00e4ynyt n\u00e4yttelyss\u00e4 hyvin tuloksin ja my\u00f6s jokunen\u00a0harrastuspuolella kisannut\u00a0l\u00f6ytyy. Muutamaa Ramun j\u00e4lkel\u00e4isist\u00e4 on my\u00f6s k\u00e4ytetty jo jalostukseen.<\/p>\n<p><a href=\"http:\/\/kennelkeyword.net\/jutut\/wp-content\/uploads\/2015\/04\/Ramses.jpg\"><img loading=\"lazy\" decoding=\"async\" class=\"wp-image-320 size-full\" title=\"Fatikon Nappanahka\" src=\"http:\/\/kennelkeyword.net\/jutut\/wp-content\/uploads\/2015\/04\/Ramses.jpg\" alt=\"\" width=\"700\" height=\"535\" srcset=\"https:\/\/www.haukotus.net\/pentujutut\/wp-content\/uploads\/2015\/04\/Ramses.jpg 700w, https:\/\/www.haukotus.net\/pentujutut\/wp-content\/uploads\/2015\/04\/Ramses-500x382.jpg 500w\" sizes=\"auto, (max-width: 700px) 100vw, 700px\" \/><\/a><\/p>\n","protected":false},"excerpt":{"rendered":"<p>S-pennut (18.5.2015) 1 tricolour poika ja 1 tricolour tytt\u00f6. Keyword Side Kick Keyword Sugar Rush Em\u00e4 Sena, Pandarellan \u00c5sa Rasdotter Pentujen is\u00e4\u00a0RAMSES: FI MVA Fatikon Nappanahka Syntynyt:\u00a04.12.2006 Harrastukset: Agility, paimennus Lonkat: A\/A Kyyn\u00e4rp\u00e4\u00e4t:\u00a00\/0 Silm\u00e4t: terveet (pentuna ja 5 vuotiaana) Korkeus: 61 cm Purenta: hyv\u00e4 Sukutaulu ( Smooth Collie Database ) &#8230;<\/p>\n","protected":false},"author":1,"featured_media":0,"parent":0,"menu_order":0,"comment_status":"open","ping_status":"closed","template":"","meta":{"footnotes":""},"class_list":["post-319","page","type-page","status-publish","hentry","column","twocol"],"_links":{"self":[{"href":"https:\/\/www.haukotus.net\/pentujutut\/index.php?rest_route=\/wp\/v2\/pages\/319","targetHints":{"allow":["GET"]}}],"collection":[{"href":"https:\/\/www.haukotus.net\/pentujutut\/index.php?rest_route=\/wp\/v2\/pages"}],"about":[{"href":"https:\/\/www.haukotus.net\/pentujutut\/index.php?rest_route=\/wp\/v2\/types\/page"}],"author":[{"embeddable":true,"href":"https:\/\/www.haukotus.net\/pentujutut\/index.php?rest_route=\/wp\/v2\/users\/1"}],"replies":[{"embeddable":true,"href":"https:\/\/www.haukotus.net\/pentujutut\/index.php?rest_route=%2Fwp%2Fv2%2Fcomments&post=319"}],"version-history":[{"count":8,"href":"https:\/\/www.haukotus.net\/pentujutut\/index.php?rest_route=\/wp\/v2\/pages\/319\/revisions"}],"predecessor-version":[{"id":438,"href":"https:\/\/www.haukotus.net\/pentujutut\/index.php?rest_route=\/wp\/v2\/pages\/319\/revisions\/438"}],"wp:attachment":[{"href":"https:\/\/www.haukotus.net\/pentujutut\/index.php?rest_route=%2Fwp%2Fv2%2Fmedia&parent=319"}],"curies":[{"name":"wp","href":"https:\/\/api.w.org\/{rel}","templated":true}]}}