{"id":55,"date":"2012-10-06T22:27:21","date_gmt":"2012-10-06T19:27:21","guid":{"rendered":"http:\/\/kennelkeyword.net\/jutut\/?page_id=55"},"modified":"2015-05-08T20:28:18","modified_gmt":"2015-05-08T17:28:18","slug":"igor-igor-vom-ihlpol","status":"publish","type":"page","link":"https:\/\/www.haukotus.net\/pentujutut\/?page_id=55","title":{"rendered":"Keyword P-pennut &#8211; Igor ja Sena"},"content":{"rendered":"<h1 class=\"entry-title\">P-pennut (4.12.2012)<\/h1>\n<p>1 soopelipoika, 1 soopelitytt\u00f6 ja 1 tricolour tytt\u00f6.<\/p>\n<p>Keyword Paladin<br \/>\nKeyword Paperdoll<br \/>\nKeyword Partydoll<\/p>\n<p><strong><a href=\"http:\/\/kennelkeyword.net\/?page_id=82\">Tiedot pentueesta<br \/>\n<\/a><\/strong><\/p>\n<p>&nbsp;<\/p>\n<p>Em\u00e4 <a href=\"http:\/\/kennelkeyword.net\/?page_id=44\"><strong>Sena<\/strong>, Pandarellan \u00c5sa Rasdotter<\/a><\/p>\n<p>Pentujen is\u00e4 Igor<\/p>\n<figure id=\"attachment_56\" aria-describedby=\"caption-attachment-56\" style=\"width: 199px\" class=\"wp-caption alignright\"><a href=\"http:\/\/kennelkeyword.net\/jutut\/wp-content\/uploads\/2012\/10\/IMG_8701.jpg\"><img loading=\"lazy\" decoding=\"async\" class=\"size-medium wp-image-56 \" title=\"Igor vom Ihlpol\" src=\"http:\/\/kennelkeyword.net\/jutut\/wp-content\/uploads\/2012\/10\/IMG_8701-199x300.jpg\" alt=\"\" width=\"199\" height=\"300\" srcset=\"https:\/\/www.haukotus.net\/pentujutut\/wp-content\/uploads\/2012\/10\/IMG_8701-199x300.jpg 199w, https:\/\/www.haukotus.net\/pentujutut\/wp-content\/uploads\/2012\/10\/IMG_8701.jpg 500w\" sizes=\"auto, (max-width: 199px) 100vw, 199px\" \/><\/a><figcaption id=\"caption-attachment-56\" class=\"wp-caption-text\">Igor vom Ihlpol- &#8221;IGOR&#8221;<\/figcaption><\/figure>\n<h5>DK Ch, D Ch (VDH &amp; Club), NORDW-04, DKKW-04, KLBCH, DKJUBV-07, WVW-10<\/h5>\n<h2>Igor vom Ihlpol<\/h2>\n<p>Syntynyt: 25.07.2001<br \/>\nHarrastukset: Agility Class 3, Jumping Class 3<br \/>\nLonkat: HD A<br \/>\nKyyn\u00e4rp\u00e4\u00e4t: ep\u00e4virallisesti tutkittu terveiksi<br \/>\nSilm\u00e4t: terveet (pentuna ja 6 vuotiaana)<br \/>\nKorkeus: 58 cm<br \/>\nPurenta: hyv\u00e4<\/p>\n<p>Is\u00e4 : Markylla\u00b4s Magic Star Pretender<br \/>\nEm\u00e4 : Scandyline Cinja My Dream<\/p>\n<p><a title=\"Pedigree\" href=\"http:\/\/smooth-collie-database.freehostia.com\/view.php?id=835\" target=\"_blank\">Sukutaulu ( Smooth Collie Database )<\/a><\/p>\n<p>Omistaja: Marianne Nymand, Tanska<br \/>\n<a href=\"http:\/\/www.nymandskorthaarscollier.dk\/26577692\" target=\"_blank\">Kotisivut<\/a><\/p>\n<p>Luonteeltaan avoin, itsevarma ja sosiaalinen. Rakastaa huomiota, kanniskelee leluja leikin toiveessa pitkin asuntoa ja innostuu sekunnissa leikist\u00e4. Yli 11 vuotiaana ik\u00e4 ei n\u00e4y sen olemuksessa ollenkaan, se on edelleen hyv\u00e4 kuntoinen, lihaksikas ja liikkuu normaalit lenkit muun lauman kanssa.<\/p>\n<figure id=\"attachment_57\" aria-describedby=\"caption-attachment-57\" style=\"width: 750px\" class=\"wp-caption alignleft\"><a href=\"http:\/\/kennelkeyword.net\/jutut\/wp-content\/uploads\/2012\/10\/IMG_8728.jpg\"><img loading=\"lazy\" decoding=\"async\" class=\"size-full wp-image-57\" title=\"Igor vom Ihlpol\" src=\"http:\/\/kennelkeyword.net\/jutut\/wp-content\/uploads\/2012\/10\/IMG_8728.jpg\" alt=\"\" width=\"750\" height=\"500\" srcset=\"https:\/\/www.haukotus.net\/pentujutut\/wp-content\/uploads\/2012\/10\/IMG_8728.jpg 750w, https:\/\/www.haukotus.net\/pentujutut\/wp-content\/uploads\/2012\/10\/IMG_8728-300x200.jpg 300w, https:\/\/www.haukotus.net\/pentujutut\/wp-content\/uploads\/2012\/10\/IMG_8728-700x466.jpg 700w\" sizes=\"auto, (max-width: 750px) 100vw, 750px\" \/><\/a><figcaption id=\"caption-attachment-57\" class=\"wp-caption-text\">Igor vom Ihlpol, 11v<br \/>Kuvausp\u00e4iv\u00e4 1.10.2012<\/figcaption><\/figure>\n","protected":false},"excerpt":{"rendered":"<p>P-pennut (4.12.2012) 1 soopelipoika, 1 soopelitytt\u00f6 ja 1 tricolour tytt\u00f6. Keyword Paladin Keyword Paperdoll Keyword Partydoll Tiedot pentueesta &nbsp; Em\u00e4 Sena, Pandarellan \u00c5sa Rasdotter Pentujen is\u00e4 Igor DK Ch, D Ch (VDH &amp; Club), NORDW-04, DKKW-04, KLBCH, DKJUBV-07, WVW-10 Igor vom Ihlpol Syntynyt: 25.07.2001 Harrastukset: Agility Class 3, Jumping Class &#8230;<\/p>\n","protected":false},"author":1,"featured_media":0,"parent":0,"menu_order":0,"comment_status":"closed","ping_status":"closed","template":"","meta":{"footnotes":""},"class_list":["post-55","page","type-page","status-publish","hentry","column","twocol"],"_links":{"self":[{"href":"https:\/\/www.haukotus.net\/pentujutut\/index.php?rest_route=\/wp\/v2\/pages\/55","targetHints":{"allow":["GET"]}}],"collection":[{"href":"https:\/\/www.haukotus.net\/pentujutut\/index.php?rest_route=\/wp\/v2\/pages"}],"about":[{"href":"https:\/\/www.haukotus.net\/pentujutut\/index.php?rest_route=\/wp\/v2\/types\/page"}],"author":[{"embeddable":true,"href":"https:\/\/www.haukotus.net\/pentujutut\/index.php?rest_route=\/wp\/v2\/users\/1"}],"replies":[{"embeddable":true,"href":"https:\/\/www.haukotus.net\/pentujutut\/index.php?rest_route=%2Fwp%2Fv2%2Fcomments&post=55"}],"version-history":[{"count":14,"href":"https:\/\/www.haukotus.net\/pentujutut\/index.php?rest_route=\/wp\/v2\/pages\/55\/revisions"}],"predecessor-version":[{"id":355,"href":"https:\/\/www.haukotus.net\/pentujutut\/index.php?rest_route=\/wp\/v2\/pages\/55\/revisions\/355"}],"wp:attachment":[{"href":"https:\/\/www.haukotus.net\/pentujutut\/index.php?rest_route=%2Fwp%2Fv2%2Fmedia&parent=55"}],"curies":[{"name":"wp","href":"https:\/\/api.w.org\/{rel}","templated":true}]}}