{"id":2,"date":"2011-06-18T08:25:41","date_gmt":"2011-06-18T08:25:41","guid":{"rendered":"http:\/\/www.haukotus.net\/talo\/?page_id=2"},"modified":"2011-06-19T16:43:55","modified_gmt":"2011-06-19T16:43:55","slug":"esimerkkisivu","status":"publish","type":"page","link":"https:\/\/www.haukotus.net\/talo\/?page_id=2","title":{"rendered":"Remontin taustaa"},"content":{"rendered":"<p>G\u00f6stiksen remonttiblogi kertoo 1927 valmistuneen hirsitalon kunnostuksesta t\u00e4lle vuosituhannelle. Rakenteiltaan talo vaikuttaa varsin terveelt\u00e4, joten remontointi j\u00e4\u00e4 toivottavasti l\u00e4hinn\u00e4 pintojen kunnostukseen ja uuden tekemiseen.<\/p>\n<p>Talolla on kokoa 112 m<sup>2<\/sup> ja tontilla reilut 5000 m<sup>2<\/sup>. Yl\u00e4kerta on yhten\u00e4ist\u00e4 avointa tilaa, joten sinne saa tarvittaessa viel\u00e4 hieman lis\u00e4tilaa tarpeen mukaan. Piharakennuksia tontilla ei juuri ole, ainoastaan tontin k\u00e4rjess\u00e4 on maakellari.<\/p>\n<p><a title=\"Pohjakuva\" href=\"https:\/\/www.haukotus.net\/talo\/wp-content\/uploads\/2011\/06\/Pohjakuva-kalusteet.pdf\" target=\"_blank\">Talon pohjakuva<\/a> pdf-dokumenttina.<\/p>\n<p>Remontin puuhamiehin\u00e4 toimivat Timo ja Elina sek\u00e4 satunnainen m\u00e4\u00e4r\u00e4 v\u00e4\u00e4r\u00e4ll\u00e4 hetkell\u00e4 paikan p\u00e4\u00e4lle sattuneita sukulaisia. Putki- ja s\u00e4hk\u00f6hommia lukuunottamatta suurin osa t\u00f6ist\u00e4 pyrit\u00e4\u00e4n tekem\u00e4\u00e4n itse yrityksen ja erehdyksen kautta.<\/p>\n","protected":false},"excerpt":{"rendered":"<p>G\u00f6stiksen remonttiblogi kertoo 1927 valmistuneen hirsitalon kunnostuksesta t\u00e4lle vuosituhannelle. Rakenteiltaan talo vaikuttaa varsin terveelt\u00e4, joten remontointi j\u00e4\u00e4 toivottavasti l\u00e4hinn\u00e4 pintojen kunnostukseen ja uuden tekemiseen. Talolla on kokoa 112 m2 ja tontilla reilut 5000 m2. Yl\u00e4kerta on yhten\u00e4ist\u00e4 avointa tilaa, joten sinne saa tarvittaessa viel\u00e4 hieman lis\u00e4tilaa tarpeen mukaan. Piharakennuksia tontilla ei juuri ole, ainoastaan tontin &hellip; <a class=\"read-excerpt\" href=\"https:\/\/www.haukotus.net\/talo\/?page_id=2\">Continue reading <span class=\"meta-nav\">&raquo;<\/span><\/a><\/p>\n","protected":false},"author":1,"featured_media":0,"parent":0,"menu_order":0,"comment_status":"open","ping_status":"open","template":"","meta":{"footnotes":""},"class_list":["post-2","page","type-page","status-publish","hentry"],"_links":{"self":[{"href":"https:\/\/www.haukotus.net\/talo\/index.php?rest_route=\/wp\/v2\/pages\/2","targetHints":{"allow":["GET"]}}],"collection":[{"href":"https:\/\/www.haukotus.net\/talo\/index.php?rest_route=\/wp\/v2\/pages"}],"about":[{"href":"https:\/\/www.haukotus.net\/talo\/index.php?rest_route=\/wp\/v2\/types\/page"}],"author":[{"embeddable":true,"href":"https:\/\/www.haukotus.net\/talo\/index.php?rest_route=\/wp\/v2\/users\/1"}],"replies":[{"embeddable":true,"href":"https:\/\/www.haukotus.net\/talo\/index.php?rest_route=%2Fwp%2Fv2%2Fcomments&post=2"}],"version-history":[{"count":5,"href":"https:\/\/www.haukotus.net\/talo\/index.php?rest_route=\/wp\/v2\/pages\/2\/revisions"}],"predecessor-version":[{"id":8,"href":"https:\/\/www.haukotus.net\/talo\/index.php?rest_route=\/wp\/v2\/pages\/2\/revisions\/8"}],"wp:attachment":[{"href":"https:\/\/www.haukotus.net\/talo\/index.php?rest_route=%2Fwp%2Fv2%2Fmedia&parent=2"}],"curies":[{"name":"wp","href":"https:\/\/api.w.org\/{rel}","templated":true}]}}